{"id":28,"date":"2026-02-02T17:08:03","date_gmt":"2026-02-02T17:08:03","guid":{"rendered":"https:\/\/www.positivelyforyou.pl\/wordpress\/?page_id=28"},"modified":"2026-02-21T12:39:27","modified_gmt":"2026-02-21T12:39:27","slug":"kontakt","status":"publish","type":"page","link":"https:\/\/www.positivelyforyou.pl\/wordpress\/index.php\/kontakt\/","title":{"rendered":"Skontaktuj si\u0119 ze mn\u0105"},"content":{"rendered":"\n<ul class=\"wp-block-list\">\n<li>hello@positivelyforyou.pl<\/li>\n\n\n\n<li>\ud83d\udcde <a href=\"tel:+48789956017\">789956017<\/a><\/li>\n\n\n\n<li><a href=\"https:\/\/www.instagram.com\/positivelyforyou\/\" target=\"_blank\" rel=\"noreferrer noopener\">Zajrzyj na Instagram<\/a><\/li>\n<\/ul>\n\n\n\n<p><\/p>\n\n\n\n<p><\/p>\n\n\n\n<figure class=\"wp-block-image size-medium is-style-default\"><img loading=\"lazy\" decoding=\"async\" width=\"300\" height=\"116\" src=\"https:\/\/www.positivelyforyou.pl\/wordpress\/wp-content\/uploads\/2026\/02\/pexels-markus-winkler-1430818-19915918-scaled-e1770323568361-300x116.jpeg\" alt=\"\" class=\"wp-image-253\" srcset=\"https:\/\/www.positivelyforyou.pl\/wordpress\/wp-content\/uploads\/2026\/02\/pexels-markus-winkler-1430818-19915918-scaled-e1770323568361-300x116.jpeg 300w, https:\/\/www.positivelyforyou.pl\/wordpress\/wp-content\/uploads\/2026\/02\/pexels-markus-winkler-1430818-19915918-scaled-e1770323568361-1024x397.jpeg 1024w, https:\/\/www.positivelyforyou.pl\/wordpress\/wp-content\/uploads\/2026\/02\/pexels-markus-winkler-1430818-19915918-scaled-e1770323568361-768x297.jpeg 768w, https:\/\/www.positivelyforyou.pl\/wordpress\/wp-content\/uploads\/2026\/02\/pexels-markus-winkler-1430818-19915918-scaled-e1770323568361-1536x595.jpeg 1536w, https:\/\/www.positivelyforyou.pl\/wordpress\/wp-content\/uploads\/2026\/02\/pexels-markus-winkler-1430818-19915918-scaled-e1770323568361-2048x793.jpeg 2048w\" sizes=\"auto, (max-width: 300px) 100vw, 300px\" \/><\/figure>\n\n\n\n<p><\/p>\n\n\n\n<div class=\"wp-block-contact-form-7-contact-form-selector\">\n<div class=\"wpcf7 no-js\" id=\"wpcf7-f129-o1\" lang=\"pl-PL\" dir=\"ltr\" data-wpcf7-id=\"129\">\n<div class=\"screen-reader-response\"><p role=\"status\" aria-live=\"polite\" aria-atomic=\"true\"><\/p> <ul><\/ul><\/div>\n<form action=\"\/wordpress\/index.php\/wp-json\/wp\/v2\/pages\/28#wpcf7-f129-o1\" method=\"post\" class=\"wpcf7-form init\" aria-label=\"Formularz kontaktowy\" novalidate=\"novalidate\" data-status=\"init\">\n<fieldset class=\"hidden-fields-container\"><input type=\"hidden\" name=\"_wpcf7\" value=\"129\" \/><input type=\"hidden\" name=\"_wpcf7_version\" value=\"6.1.4\" \/><input type=\"hidden\" name=\"_wpcf7_locale\" value=\"pl_PL\" \/><input type=\"hidden\" name=\"_wpcf7_unit_tag\" value=\"wpcf7-f129-o1\" \/><input type=\"hidden\" name=\"_wpcf7_container_post\" value=\"0\" \/><input type=\"hidden\" name=\"_wpcf7_posted_data_hash\" value=\"\" \/>\n<\/fieldset>\n<p><label> Twoje imi\u0119 i nazwisko<br \/>\n<span class=\"wpcf7-form-control-wrap\" data-name=\"your-name\"><input size=\"40\" maxlength=\"400\" class=\"wpcf7-form-control wpcf7-text wpcf7-validates-as-required\" autocomplete=\"name\" aria-required=\"true\" aria-invalid=\"false\" value=\"\" type=\"text\" name=\"your-name\" \/><\/span> <\/label>\n<\/p>\n<p><label> Tw\u00f3j adres e-mail<br \/>\n<span class=\"wpcf7-form-control-wrap\" data-name=\"your-email\"><input size=\"40\" maxlength=\"400\" class=\"wpcf7-form-control wpcf7-email wpcf7-validates-as-required wpcf7-text wpcf7-validates-as-email\" autocomplete=\"email\" aria-required=\"true\" aria-invalid=\"false\" value=\"\" type=\"email\" name=\"your-email\" \/><\/span> <\/label>\n<\/p>\n<p><label> Temat<br \/>\n<span class=\"wpcf7-form-control-wrap\" data-name=\"your-subject\"><input size=\"40\" maxlength=\"400\" class=\"wpcf7-form-control wpcf7-text wpcf7-validates-as-required\" aria-required=\"true\" aria-invalid=\"false\" value=\"\" type=\"text\" name=\"your-subject\" \/><\/span> <\/label>\n<\/p>\n<p><label> Twoja wiadomo\u015bci (opcjonalne)<br \/>\n<span class=\"wpcf7-form-control-wrap\" data-name=\"your-message\"><textarea cols=\"40\" rows=\"10\" maxlength=\"2000\" class=\"wpcf7-form-control wpcf7-textarea\" aria-invalid=\"false\" name=\"your-message\"><\/textarea><\/span> <\/label>\n<\/p>\n<p><label class=\"rodo\"><br \/>\n<span class=\"wpcf7-form-control-wrap\" data-name=\"rodo-consent\"><span class=\"wpcf7-form-control wpcf7-acceptance\"><span class=\"wpcf7-list-item\"><label><input type=\"checkbox\" name=\"rodo-consent\" value=\"1\" aria-invalid=\"false\" \/><span class=\"wpcf7-list-item-label\">Zapozna\u0142am\/-em si\u0119 z informacj\u0105 o przetwarzaniu danych i wyra\u017cam zgod\u0119 na kontakt w odpowiedzi na moj\u0105 wiadomo\u015b\u0107.<\/span><\/label><\/span><\/span><\/span><br \/>\n<\/label>\n<\/p>\n<p><input class=\"wpcf7-form-control wpcf7-submit has-spinner\" type=\"submit\" value=\"Wy\u015blij\" \/>\n<\/p><div class=\"wpcf7-response-output\" aria-hidden=\"true\"><\/div>\n<\/form>\n<\/div>\n<\/div>\n\n\n\n<p>Administratorem danych osobowych jest Anna \u015awiderek &#8211; Positively For You.<br>Dane podane w formularzu s\u0105 przetwarzane wy\u0142\u0105cznie w celu odpowiedzi na wiadomo\u015b\u0107.<\/p>\n\n\n\n<p>Wysy\u0142aj\u0105c formularz, wyra\u017casz zgod\u0119 na przetwarzanie danych zgodnie z&nbsp;<strong><a href=\"https:\/\/www.positivelyforyou.pl\/wordpress\/index.php\/polityka-prywatnosci\/\" data-type=\"page\" data-id=\"138\" target=\"_blank\" rel=\"noreferrer noopener\">Polityk\u0105 prywatno\u015bci<\/a><\/strong>.<\/p>\n","protected":false},"excerpt":{"rendered":"<p>Administratorem danych osobowych jest Anna \u015awiderek &#8211; Positively For You.Dane podane w formularzu s\u0105 przetwarzane wy\u0142\u0105cznie w celu odpowiedzi na wiadomo\u015b\u0107. Wysy\u0142aj\u0105c formularz, wyra\u017casz zgod\u0119 na przetwarzanie danych zgodnie z&nbsp;Polityk\u0105 &hellip; <\/p>\n","protected":false},"author":1,"featured_media":0,"parent":0,"menu_order":0,"comment_status":"closed","ping_status":"closed","template":"","meta":{"footnotes":""},"class_list":["post-28","page","type-page","status-publish","hentry","has-meta has-sticky-meta"],"_links":{"self":[{"href":"https:\/\/www.positivelyforyou.pl\/wordpress\/index.php\/wp-json\/wp\/v2\/pages\/28","targetHints":{"allow":["GET"]}}],"collection":[{"href":"https:\/\/www.positivelyforyou.pl\/wordpress\/index.php\/wp-json\/wp\/v2\/pages"}],"about":[{"href":"https:\/\/www.positivelyforyou.pl\/wordpress\/index.php\/wp-json\/wp\/v2\/types\/page"}],"author":[{"embeddable":true,"href":"https:\/\/www.positivelyforyou.pl\/wordpress\/index.php\/wp-json\/wp\/v2\/users\/1"}],"replies":[{"embeddable":true,"href":"https:\/\/www.positivelyforyou.pl\/wordpress\/index.php\/wp-json\/wp\/v2\/comments?post=28"}],"version-history":[{"count":21,"href":"https:\/\/www.positivelyforyou.pl\/wordpress\/index.php\/wp-json\/wp\/v2\/pages\/28\/revisions"}],"predecessor-version":[{"id":425,"href":"https:\/\/www.positivelyforyou.pl\/wordpress\/index.php\/wp-json\/wp\/v2\/pages\/28\/revisions\/425"}],"wp:attachment":[{"href":"https:\/\/www.positivelyforyou.pl\/wordpress\/index.php\/wp-json\/wp\/v2\/media?parent=28"}],"curies":[{"name":"wp","href":"https:\/\/api.w.org\/{rel}","templated":true}]}}