{"id":265,"date":"2026-02-11T18:29:00","date_gmt":"2026-02-11T18:29:00","guid":{"rendered":"https:\/\/www.positivelyforyou.pl\/wordpress\/?page_id=265"},"modified":"2026-02-21T12:40:54","modified_gmt":"2026-02-21T12:40:54","slug":"wspieram-w-obszarach","status":"publish","type":"page","link":"https:\/\/www.positivelyforyou.pl\/wordpress\/index.php\/wspieram-w-obszarach\/","title":{"rendered":"W czym mog\u0119 Ci towarzyszy\u0107"},"content":{"rendered":"\n<figure class=\"wp-block-image size-large\"><img loading=\"lazy\" decoding=\"async\" width=\"982\" height=\"1024\" src=\"http:\/\/www.positivelyforyou.pl\/wordpress\/wp-content\/uploads\/2026\/02\/QLICKA-FOTO-1-scaled-e1771507398371-982x1024.jpg\" alt=\"\" class=\"wp-image-386\" style=\"aspect-ratio:0.9589895211086304\" srcset=\"https:\/\/www.positivelyforyou.pl\/wordpress\/wp-content\/uploads\/2026\/02\/QLICKA-FOTO-1-scaled-e1771507398371-982x1024.jpg 982w, https:\/\/www.positivelyforyou.pl\/wordpress\/wp-content\/uploads\/2026\/02\/QLICKA-FOTO-1-scaled-e1771507398371-288x300.jpg 288w, https:\/\/www.positivelyforyou.pl\/wordpress\/wp-content\/uploads\/2026\/02\/QLICKA-FOTO-1-scaled-e1771507398371-768x801.jpg 768w, https:\/\/www.positivelyforyou.pl\/wordpress\/wp-content\/uploads\/2026\/02\/QLICKA-FOTO-1-scaled-e1771507398371-1473x1536.jpg 1473w, https:\/\/www.positivelyforyou.pl\/wordpress\/wp-content\/uploads\/2026\/02\/QLICKA-FOTO-1-scaled-e1771507398371.jpg 1707w\" sizes=\"auto, (max-width: 982px) 100vw, 982px\" \/><\/figure>\n\n\n\n<p>Towarzysz\u0119 kobietom, m\u0142odzie\u017cy i osobom w zmianie w procesie rozwoju emocjonalnego i osobistego.<\/p>\n\n\n\n<p>Pracujemy nie tylko nad tym, co chcesz zmieni\u0107, ale tak\u017ce nad tym, co czujesz, jak my\u015blisz i jakie wewn\u0119trzne mechanizmy wp\u0142ywaj\u0105 na Twoje decyzje.<\/p>\n\n\n\n<p>Niezale\u017cnie od tego, czy dotyczy to relacji, rodzicielstwa czy decyzji zawodowych &#8211; zmiana zaczyna si\u0119 od kontaktu ze sob\u0105.<\/p>\n\n\n\n<p>To coaching rozwojowo-emocjonalny, kt\u00f3ry \u0142\u0105czy konkretne cele z g\u0142\u0119bszym zrozumieniem siebie.<\/p>\n\n\n\n<hr class=\"wp-block-separator has-alpha-channel-opacity\"\/>\n\n\n\n<h2 class=\"wp-block-heading\">Ta przestrze\u0144 jest dla Ciebie, je\u015bli:<\/h2>\n\n\n\n<p>\u2022 czujesz, \u017ce stoisz w miejscu<br>\u2022 jeste\u015b przeci\u0105\u017cona \/ przeci\u0105\u017cony ci\u0105g\u0142ym dawaniem innym<br>\u2022 chcesz co\u015b zmieni\u0107, ale nie wiesz od czego zacz\u0105\u0107<br>\u2022 boisz si\u0119 podj\u0105\u0107 wa\u017cn\u0105 decyzj\u0119<br>\u2022 relacje przestaj\u0105 dawa\u0107 Ci lekko\u015b\u0107 i poczucie bezpiecze\u0144stwa<br>\u2022 potrzebujesz uporz\u0105dkowa\u0107 to, co dzieje si\u0119 w Twoim \u017cyciu<\/p>\n\n\n\n<hr class=\"wp-block-separator has-alpha-channel-opacity\"\/>\n\n\n\n<h2 class=\"wp-block-heading\">Relacje i rodzicielstwo<\/h2>\n\n\n\n<p>Wspieram w budowaniu relacji opartych na dialogu, empatii i realnym porozumieniu.<br>Zmiana wychodzi od Ciebie &#8211; od Twojej \u015bwiadomo\u015bci, granic i sposobu reagowania.<\/p>\n\n\n\n<p>Mo\u017cemy pracowa\u0107 nad:<\/p>\n\n\n\n<p>&#8211; komunikacj\u0105 z dzieckiem i nastolatkiem<br>&#8211; regulacj\u0105 trudnych emocji w rodzicielstwie<br>&#8211; stawianiem granic bez przemocy<br>&#8211; wsp\u00f3\u0142prac\u0105 mi\u0119dzy doros\u0142ymi<br>&#8211; odnalezieniem siebie w roli rodzica<\/p>\n\n\n\n<hr class=\"wp-block-separator has-alpha-channel-opacity\"\/>\n\n\n\n<h2 class=\"wp-block-heading\">Zmiany zawodowe i momenty przej\u015bcia<\/h2>\n\n\n\n<p>Zmiana pracy, powr\u00f3t po przerwie, rozpocz\u0119cie w\u0142asnej dzia\u0142alno\u015bci czy do\u015bwiadczenie wypalenia to sytuacje, kt\u00f3re wymagaj\u0105 odwagi i wewn\u0119trznej klarowno\u015bci.<\/p>\n\n\n\n<p>Mo\u017cesz w swoim tempie eksplorowa\u0107:<\/p>\n\n\n\n<p>&#8211; decyzj\u0119 \u201ezosta\u0107 czy odej\u015b\u0107\u201d<br>&#8211; powr\u00f3t do aktywno\u015bci zawodowej<br>&#8211; budowanie marki osobistej w zgodzie ze sob\u0105<br>&#8211; odzyskanie sensu i kierunku<br>&#8211; r\u00f3wnowag\u0119 mi\u0119dzy \u017cyciem zawodowym a prywatnym<\/p>\n\n\n\n<hr class=\"wp-block-separator has-alpha-channel-opacity\"\/>\n\n\n\n<h2 class=\"wp-block-heading\">Kryzysy i wa\u017cne \u017cyciowe zmiany<\/h2>\n\n\n\n<p>Rozstanie, utrata pracy, zmiana miejsca zamieszkania czy poczucie zagubienia to do\u015bwiadczenia, w kt\u00f3rych szczeg\u00f3lnie potrzebujemy spokojnej, bezpiecznej przestrzeni.<\/p>\n\n\n\n<p>Nie musisz przechodzi\u0107 przez nie sama \/ sam.<\/p>\n\n\n\n<hr class=\"wp-block-separator has-alpha-channel-opacity\"\/>\n\n\n\n<h2 class=\"wp-block-heading\">Obszary, kt\u00f3re s\u0105 mi szczeg\u00f3lnie bliskie<\/h2>\n\n\n\n<p>W mojej pracy naturalnie obecne s\u0105 r\u00f3wnie\u017c do\u015bwiadczenia zwi\u0105zane z:<\/p>\n\n\n\n<p>&#8211; rodzicielstwem, edukacj\u0105 domow\u0105 i systemow\u0105<br>&#8211; budowaniem marki osobistej w zgodzie ze sob\u0105<br>&#8211; sportem i rozwijaniem odporno\u015bci psychicznej<br>&#8211; wspieraniem m\u0142odzie\u017cy w podejmowaniu wa\u017cnych decyzji<\/p>\n\n\n\n<p><\/p>\n","protected":false},"excerpt":{"rendered":"<p>Towarzysz\u0119 kobietom, m\u0142odzie\u017cy i osobom w zmianie w procesie rozwoju emocjonalnego i osobistego. Pracujemy nie tylko nad tym, co chcesz zmieni\u0107, ale tak\u017ce nad tym, co czujesz, jak my\u015blisz i &hellip; <\/p>\n","protected":false},"author":1,"featured_media":268,"parent":0,"menu_order":0,"comment_status":"closed","ping_status":"closed","template":"","meta":{"footnotes":""},"class_list":["post-265","page","type-page","status-publish","has-post-thumbnail","hentry","has-meta has-sticky-meta"],"_links":{"self":[{"href":"https:\/\/www.positivelyforyou.pl\/wordpress\/index.php\/wp-json\/wp\/v2\/pages\/265","targetHints":{"allow":["GET"]}}],"collection":[{"href":"https:\/\/www.positivelyforyou.pl\/wordpress\/index.php\/wp-json\/wp\/v2\/pages"}],"about":[{"href":"https:\/\/www.positivelyforyou.pl\/wordpress\/index.php\/wp-json\/wp\/v2\/types\/page"}],"author":[{"embeddable":true,"href":"https:\/\/www.positivelyforyou.pl\/wordpress\/index.php\/wp-json\/wp\/v2\/users\/1"}],"replies":[{"embeddable":true,"href":"https:\/\/www.positivelyforyou.pl\/wordpress\/index.php\/wp-json\/wp\/v2\/comments?post=265"}],"version-history":[{"count":13,"href":"https:\/\/www.positivelyforyou.pl\/wordpress\/index.php\/wp-json\/wp\/v2\/pages\/265\/revisions"}],"predecessor-version":[{"id":427,"href":"https:\/\/www.positivelyforyou.pl\/wordpress\/index.php\/wp-json\/wp\/v2\/pages\/265\/revisions\/427"}],"wp:featuredmedia":[{"embeddable":true,"href":"https:\/\/www.positivelyforyou.pl\/wordpress\/index.php\/wp-json\/wp\/v2\/media\/268"}],"wp:attachment":[{"href":"https:\/\/www.positivelyforyou.pl\/wordpress\/index.php\/wp-json\/wp\/v2\/media?parent=265"}],"curies":[{"name":"wp","href":"https:\/\/api.w.org\/{rel}","templated":true}]}}